{"id":4765,"date":"2026-01-13T21:54:39","date_gmt":"2026-01-13T21:54:39","guid":{"rendered":"https:\/\/www.ekinexbaltic.eu\/en\/?post_type=product&#038;p=4765"},"modified":"2026-01-13T22:10:57","modified_gmt":"2026-01-13T22:10:57","slug":"power-supply-1280-ma","status":"publish","type":"product","link":"https:\/\/www.ekinexbaltic.eu\/et\/product\/power-supply-1280-ma\/","title":{"rendered":"Power Supply 1280 mA"},"content":{"rendered":"<p data-start=\"1024\" data-end=\"1242\">Ekinex\u00ae 640 mA KNX-toiteplokk tagab ja j\u00e4lgib pidevalt KNX-s\u00fcsteemi t\u00f6\u00f6ks vajalikku 30 V DC siini pinget.<br data-start=\"1133\" data-end=\"1136\" \/>Integreeritud drossel eraldab elektriliselt toiteallika ja KNX-siini, tagades stabiilse ja t\u00f6\u00f6kindla side.<\/p>\n<p>\u00dche 640 mA toiteploki k\u00fclge saab \u00fchendada kuni 64 KNX-seadet \u00fche liini kohta. V\u00e4ljund on kaitstud \u00fclekoormuse ja l\u00fchise eest.<\/p>\n<p>Versioon EK-AG1-TP on varustatud t\u00e4iendava 30 V DC abitoitev\u00e4ljundiga, mida saab kasutada teiste SELV-pinget vajavate seadmete toiteks.<br data-start=\"1518\" data-end=\"1521\" \/>KNX-siini ja abitoite koguvool ei tohi \u00fcletada 640 mA.<\/p>\n<p>Seade talub l\u00fchiajalisi v\u00f5rgupinge katkestusi kuni 200 ms.<\/p>\n","protected":false},"excerpt":{"rendered":"<p class=\"txt_small color_8 mb-4\">KNX-siini toiteplokk kuni 64 \u00fchendatud KNX-seadmele. T\u00e4iendav 30 V DC abitoitev\u00e4ljund.<\/p>\n","protected":false},"featured_media":4766,"comment_status":"open","ping_status":"closed","template":"","meta":[],"product_brand":[],"product_cat":[100],"product_tag":[],"class_list":{"0":"post-4765","1":"product","2":"type-product","3":"status-publish","4":"has-post-thumbnail","6":"product_cat-power-supply-units","8":"first","9":"instock","10":"downloadable","11":"shipping-taxable","12":"purchasable","13":"product-type-simple"},"_links":{"self":[{"href":"https:\/\/www.ekinexbaltic.eu\/et\/wp-json\/wp\/v2\/product\/4765","targetHints":{"allow":["GET"]}}],"collection":[{"href":"https:\/\/www.ekinexbaltic.eu\/et\/wp-json\/wp\/v2\/product"}],"about":[{"href":"https:\/\/www.ekinexbaltic.eu\/et\/wp-json\/wp\/v2\/types\/product"}],"replies":[{"embeddable":true,"href":"https:\/\/www.ekinexbaltic.eu\/et\/wp-json\/wp\/v2\/comments?post=4765"}],"wp:featuredmedia":[{"embeddable":true,"href":"https:\/\/www.ekinexbaltic.eu\/et\/wp-json\/wp\/v2\/media\/4766"}],"wp:attachment":[{"href":"https:\/\/www.ekinexbaltic.eu\/et\/wp-json\/wp\/v2\/media?parent=4765"}],"wp:term":[{"taxonomy":"product_brand","embeddable":true,"href":"https:\/\/www.ekinexbaltic.eu\/et\/wp-json\/wp\/v2\/product_brand?post=4765"},{"taxonomy":"product_cat","embeddable":true,"href":"https:\/\/www.ekinexbaltic.eu\/et\/wp-json\/wp\/v2\/product_cat?post=4765"},{"taxonomy":"product_tag","embeddable":true,"href":"https:\/\/www.ekinexbaltic.eu\/et\/wp-json\/wp\/v2\/product_tag?post=4765"}],"curies":[{"name":"wp","href":"https:\/\/api.w.org\/{rel}","templated":true}]}}